{"id":207,"date":"2025-05-15T09:20:28","date_gmt":"2025-05-15T07:20:28","guid":{"rendered":"https:\/\/info.metaphore.de\/?page_id=207"},"modified":"2026-03-10T08:16:16","modified_gmt":"2026-03-10T07:16:16","slug":"account_manager-client_partner-3d_visuals","status":"publish","type":"page","link":"https:\/\/info.metaphore.de\/en\/account_manager-client_partner-3d_visuals\/","title":{"rendered":"Account Manager \/ Client Partner (m\/w\/d) &#8211; 3D Visuals f\u00fcr Top-Marken"},"content":{"rendered":"\n<p><strong>Standort:<\/strong> Hamburg Bahrenfeld und Remote, <strong>Arbeitszeit:<\/strong> Vollzeit, <strong>Beginn:<\/strong> ab sofort<\/p>\n\n\n\n<p>&nbsp;<\/p>\n\n\n\n<h2 class=\"wp-block-heading\">\u00dcber Metaphore:<\/h2>\n\n\n\n<p><strong>Metaphore <\/strong>ist ein schnell wachsendes Unternehmen mit Sitz in Hamburg und <strong>Innovationsf\u00fchrer im Bereich der Visualisierungen f\u00fcr internationale FMCG\u2019s. Wir entwickeln innovative und radikale Systeme im Bereich Marketing Visuals und Motion. <\/strong>Wir nennen das: \u201cThe Future of Visual\u201d, denn das ist unser Anspruch an unsere t\u00e4gliche Arbeit.<\/p>\n\n\n\n<p>Wir glauben an die Kraft unseres Teams und an die Selbstbestimmung jedes Einzelnen. So gestaltet jedes Teammitglied unser Unternehmen und sein Arbeitsumfeld eigenst\u00e4ndig mit. Wertsch\u00e4tzung, ein freier Entfaltungsspielraum und das Streben jedes Einzelnen nach hervorragender Arbeit halten wir f\u00fcr wesentliche Faktoren unseres Erfolgs.<br><br>Durch unsere innovativen und qualitativ einzigartigen Prozesse verlassen sich Marktf\u00fchrer aus verschiedensten Branchen auf unsere Leistungen. Insbesondere aus dem Beauty-, Food- oder Getr\u00e4nkebereich heben wir unsere Kunden in puncto Qualit\u00e4t und Agilit\u00e4t auf ein neues Niveau.<\/p>\n\n\n\n<p>Jetzt suchen wir Dich als kommunikatives Organisationstalent, das Kunden begeistert und kreative Prozesse steuert. In unseren B\u00fcror\u00e4umen im Hamburger Stadtteil Bahrenfeld und in unseren Home Offices arbeiten wir in einem agilen und engagierten Team.<\/p>\n\n\n\n<hr \/>\n\n\n\n<h2 class=\"wp-block-heading\">Deine Aufgaben:<\/h2>\n\n\n\n<p>Du unterst\u00fctzt Deine Kollegen in unserer \u201cVisual Factory\u201d bei der Beratung, Betreuung und Weiterentwicklung unserer Kunden. Du bist f\u00fcr die Planung, Koordination und Umsetzung nationaler und internationaler Projekte zust\u00e4ndig und stehst den Kunden als direkte*r Ansprechpartner*in zur Seite.<\/p>\n\n\n\n<p>Verl\u00e4sslichkeit und Hilfsbereitschaft sind f\u00fcr Dich selbstverst\u00e4ndlich, genauso ein hohes Ma\u00df an Kommunikationsf\u00e4higkeit. Dar\u00fcber hinaus hast Du eine Leidenschaft f\u00fcr alles Visuelle und begeisterst Dich f\u00fcr digitale Kommunikation.<\/p>\n\n\n\n<p>Damit Du Dich mit den Projekten, Systemen und den unterschiedlichen Abl\u00e4ufen von Anfang an wohl f\u00fchlst, sorgen wir f\u00fcr eine gr\u00fcndliche Einarbeitung. Auch anschlie\u00dfend wird Dir ein*e Kolleg*in sowie Dein Team bei Fragen stets zur Seite stehen.<br><br>Nochmal zusammengefasst:<\/p>\n\n\n\n<ul class=\"wp-block-list\">\n<li>Du bist der erste Kontakt f\u00fcr unsere Kunden &#8211; von der Aufnahme des Briefings bis zur finalen Auslieferung der Visuals<\/li>\n\n\n\n<li>Du k\u00fcmmerst Dich um Projektanlage und Projektmonitoring, h\u00e4ltst Timings und Budgets im Blick und sorgst f\u00fcr einen reibungslosen Ablauf<\/li>\n\n\n\n<li>Du k\u00fcmmerst dich um KVA- und Rechnungserstellung<\/li>\n\n\n\n<li>Du \u00fcbersetzt Kundenw\u00fcnsche so, dass unser 3D-Team sie kreativ und effizient umsetzen kann<\/li>\n\n\n\n<li>Du pr\u00fcfst die fertigen Assets auf Look&amp;Feel, bevor sie an den Kunden gehen &#8211; mit einem geschulten Auge f\u00fcr visuelle Details<\/li>\n\n\n\n<li>Du reagierst flexibel auf \u00c4nderungen und findest auch bei dynamischen Projekten stets die beste L\u00f6sung<\/li>\n<\/ul>\n\n\n\n<hr \/>\n\n\n\n\n\n<h2 class=\"wp-block-heading is-layout-flow wp-block-column-is-layout-flow is-layout-flex wp-container-core-columns-is-layout-9d6595d7 wp-block-columns-is-layout-flex\">Was du mitbringst:<\/h2>\n\n\n<ul class=\"wp-block-list\">\n\n<li>Du hast bereits Erfahrung als Account Manager*in, Projektmanager*in oder Kundenberater*in &#8211; gerne in einer Agentur oder im Medien-\/ Marketingumfeld<\/li>\n\n\n<li>Abgeschlossenes Studium oder Ausbildung im Bereich Medien, Kommunikation, BWL o.\u00e4. sind von Vorteil<\/li>\n\n\n<li>Der Kundenkontakt sowie die -kommunikation bereiten Dir Freude und Du gehst stets freundlich auf Anfragen ein<\/li>\n\n\n<li>Du bist ein Organisationstalent und bewahrst auch bei komplexen Projekten immer den \u00dcberblick<\/li>\n\n\n<li>Du arbeitest strukturiert und ergebnisorientiert &#8211; mit einem Blick f\u00fcr visuelle Details<\/li>\n\n\n<li>Du nutzt gerne digitale Tools, um Deine Arbeitsabl\u00e4ufe effizient zu gestalten und Kundenprozesse zu vereinfachen<\/li>\n\n\n<li>Du hast sehr gute Deutsch- und Englischkenntnisse in Wort und Schrift<\/li>\n\n<\/ul>\n\n\n\n\n<h2 class=\"wp-block-heading is-layout-flow wp-block-column-is-layout-flow\">Und das bieten wir:<\/h2>\n\n\n<ul class=\"wp-block-list\">\n\n<li>Zusammenarbeit mit einem kompetenten, hilfsbereiten und erfolgreichen Team<\/li>\n\n\n<li>Viel Gestaltungs- und Entwicklungsspielraum &#8211; mit kurzen Entscheidungswegen<\/li>\n\n\n<li>Unterst\u00fctzung bei Deiner fachlichen und pers\u00f6nlichen Weiterentwicklung<\/li>\n\n\n<li>Abwechslungsreiche Projekte f\u00fcr namhafte, internationale Kunden (inkl. spannender Dienstreise)<\/li>\n\n\n<li>Ein vertrauensvolles Arbeitsklima<\/li>\n\n\n<li>Attraktiver Arbeitsplatz in einem lebendigen Stadtteil<\/li>\n\n\n<li>Team\u00fcbergreifende Remote Work-Regelungen<\/li>\n\n\n<li>Wellpass-Mitgliedschaft<\/li>\n\n\n<li>Zuschuss zum Deutschlandticket<\/li>\n\n<\/ul>\n\n\n\n\n\n<hr \/>\n\n\n\n<h2 class=\"wp-block-heading\">Haben wir Dein Interesse geweckt?<\/h2>\n\n\n\n<p>Dann sende uns bitte Deine Bewerbung inklusive Angaben zum fr\u00fchestm\u00f6glichen Eintrittstermin sowie Deinen Gehaltsvorstellungen an:<\/p>\n\n\n\n\n<a class=\"is-layout-flex wp-block-buttons-is-layout-flex\" href=\"mailto:jobs@metaphore.de\">jobs@metaphore.de<\/a>\n\n\n\n\n<p><p>Werde Teil unseres Teams und gestalte \u201cThe Future of Visual\u201d gemeinsam mit uns.<\/p>\n<p>&nbsp;<\/p><\/p>\n\n\n\n<p>Wir freuen uns darauf, Dich kennenzulernen!<\/p>\n","protected":false},"excerpt":{"rendered":"<p>Standort: Hamburg Bahrenfeld und Remote, Arbeitszeit: Vollzeit, Beginn: ab sofort &nbsp; \u00dcber Metaphore: Metaphore ist ein schnell wachsendes Unternehmen mit Sitz in Hamburg und Innovationsf\u00fchrer im Bereich der Visualisierungen f\u00fcr internationale FMCG\u2019s. Wir entwickeln innovative und radikale Systeme im Bereich Marketing Visuals und Motion. Wir nennen das: \u201cThe Future of Visual\u201d, denn das ist unser&hellip;&nbsp;<a href=\"https:\/\/info.metaphore.de\/en\/account_manager-client_partner-3d_visuals\/\" class=\"\" rel=\"bookmark\">Read More &raquo;<span class=\"screen-reader-text\">Account Manager \/ Client Partner (m\/w\/d) &#8211; 3D Visuals f\u00fcr Top-Marken<\/span><\/a><\/p>\n","protected":false},"author":5,"featured_media":0,"parent":0,"menu_order":0,"comment_status":"closed","ping_status":"closed","template":"","meta":{"neve_meta_sidebar":"","neve_meta_container":"","neve_meta_enable_content_width":"","neve_meta_content_width":0,"neve_meta_title_alignment":"","neve_meta_author_avatar":"","neve_post_elements_order":"","neve_meta_disable_header":"","neve_meta_disable_footer":"","neve_meta_disable_title":"","footnotes":""},"class_list":["post-207","page","type-page","status-publish","hentry"],"translation":{"provider":"WPGlobus","version":"2.10.4","language":"en","enabled_languages":["de","en"],"languages":{"de":{"title":true,"content":true,"excerpt":false},"en":{"title":false,"content":false,"excerpt":false}}},"_links":{"self":[{"href":"https:\/\/info.metaphore.de\/en\/wp-json\/wp\/v2\/pages\/207","targetHints":{"allow":["GET"]}}],"collection":[{"href":"https:\/\/info.metaphore.de\/en\/wp-json\/wp\/v2\/pages"}],"about":[{"href":"https:\/\/info.metaphore.de\/en\/wp-json\/wp\/v2\/types\/page"}],"author":[{"embeddable":true,"href":"https:\/\/info.metaphore.de\/en\/wp-json\/wp\/v2\/users\/5"}],"replies":[{"embeddable":true,"href":"https:\/\/info.metaphore.de\/en\/wp-json\/wp\/v2\/comments?post=207"}],"version-history":[{"count":20,"href":"https:\/\/info.metaphore.de\/en\/wp-json\/wp\/v2\/pages\/207\/revisions"}],"predecessor-version":[{"id":978,"href":"https:\/\/info.metaphore.de\/en\/wp-json\/wp\/v2\/pages\/207\/revisions\/978"}],"wp:attachment":[{"href":"https:\/\/info.metaphore.de\/en\/wp-json\/wp\/v2\/media?parent=207"}],"curies":[{"name":"wp","href":"https:\/\/api.w.org\/{rel}","templated":true}]}}